{"id":18,"date":"2015-09-16T04:32:07","date_gmt":"2015-09-16T04:32:07","guid":{"rendered":"http:\/\/bhhaiti.com\/home\/?page_id=18"},"modified":"2016-01-15T13:55:15","modified_gmt":"2016-01-15T18:55:15","slug":"properties","status":"publish","type":"page","link":"http:\/\/bhhaiti.com\/home\/properties\/","title":{"rendered":"Properties"},"content":{"rendered":"<h2>KARIBE HOTEL<\/h2>\n<div class='clearfix'>\n<div class='third'>\n<a href=\"http:\/\/bhhaiti.com\/home\/wp-content\/uploads\/2015\/09\/karibe.jpg\"  rel=\"lightbox[18] attachment wp-att-315\"><img loading=\"lazy\" decoding=\"async\" src=\"http:\/\/bhhaiti.com\/home\/wp-content\/uploads\/2015\/09\/karibe.jpg\" alt=\"karibe\" width=\"1400\" height=\"934\" class=\"alignleft size-full wp-image-315\" srcset=\"http:\/\/bhhaiti.com\/home\/wp-content\/uploads\/2015\/09\/karibe.jpg 1400w, http:\/\/bhhaiti.com\/home\/wp-content\/uploads\/2015\/09\/karibe-300x200.jpg 300w, http:\/\/bhhaiti.com\/home\/wp-content\/uploads\/2015\/09\/karibe-768x512.jpg 768w, http:\/\/bhhaiti.com\/home\/wp-content\/uploads\/2015\/09\/karibe-1024x683.jpg 1024w, http:\/\/bhhaiti.com\/home\/wp-content\/uploads\/2015\/09\/karibe-691x461.jpg 691w, http:\/\/bhhaiti.com\/home\/wp-content\/uploads\/2015\/09\/karibe-500x334.jpg 500w\" sizes=\"auto, (max-width: 1400px) 100vw, 1400px\" \/><\/a><br \/>\n<\/div>\n<div class='two-thirds last'>\n<p style=\"text-align: justify; margin-top: 0;\">Located in Juv\u00e9nat, a neighborhood known for its quiet charms &#8211; is minutes away from two city centers of Port-au-Prince and P\u00e9tion-Ville. Its architecture and d\u00e9cor designed by architect Nadime Hyppolite and famous artist Philippe Dodard, combined with its extensive and lush gardens, lend a connection between nature and art that make the Karibe Hotel a unique site in the capital. In October 2013, the hotel received a rating Five-Hibiscus from the Ministry of Tourism, making it one of three institutions to receive this honor. All this thanks to its outstanding staff, dedicated to ensuring that all guests have a pleasant stay.<\/p>\n<p style=\"text-align: justify;\">The Karibe Hotel has undergone a recent expansion of 100 rooms in addition to the 87 rooms that made up the original structure.<\/p>\n<\/div>\n<\/div>\n<div class='clearfix'>\n<div class='fourth'>\n<h4>Facilities<\/h4>\n<ul>\n<li>187 rooms and 1 presidential suite<\/li>\n<li>12 long-term apartments and studios<\/li>\n<li>Convention center (4 conference rooms able to accomodate 150-1000 people) for any event type<\/li>\n<li>2 boardrooms<\/li>\n<li>Business Center<\/li>\n<li>Complementary airport shuttle<\/li>\n<\/ul>\n<\/div>\n<div class='fourth'>\n<h4 style=\"color: transparent;\">Facilities<\/h4>\n<ul>\n<li>Boutique<\/li>\n<li>Pool<\/li>\n<li>Fitness Center<\/li>\n<li>Tennis Court<\/li>\n<li>Spa<\/li>\n<li>Restaurant<\/li>\n<li>Rooftop Lounge<\/li>\n<li>2 bars<\/li>\n<\/ul>\n<p><a href=\"http:\/\/be.evodist.com\/Rooms\/hotel\/karibe\/lang\/en-GB\" class=\"btn small-btn\">Book now<\/a><br \/>\n<\/div>\n<div class='half last'>\n\n\t\t<style type=\"text\/css\">\n\t\t\t#gallery-1 {\n\t\t\t\tmargin: auto;\n\t\t\t}\n\t\t\t#gallery-1 .gallery-item {\n\t\t\t\tfloat: left;\n\t\t\t\tmargin-top: 10px;\n\t\t\t\ttext-align: center;\n\t\t\t\twidth: 50%;\n\t\t\t}\n\t\t\t#gallery-1 img {\n\t\t\t\tborder: 2px solid #cfcfcf;\n\t\t\t}\n\t\t\t#gallery-1 .gallery-caption {\n\t\t\t\tmargin-left: 0;\n\t\t\t}\n\t\t\t\/* see gallery_shortcode() in wp-includes\/media.php *\/\n\t\t<\/style>\n\t\t<div id='gallery-1' class='gallery galleryid-18 gallery-columns-2 gallery-size-medium'><dl class='gallery-item'>\n\t\t\t<dt class='gallery-icon landscape'>\n\t\t\t\t<a href='http:\/\/bhhaiti.com\/home\/wp-content\/uploads\/2015\/09\/karibe11-1.jpg' rel=\"lightbox[18]\"><img loading=\"lazy\" decoding=\"async\" width=\"300\" height=\"200\" src=\"http:\/\/bhhaiti.com\/home\/wp-content\/uploads\/2015\/09\/karibe11-1-300x200.jpg\" class=\"attachment-medium size-medium\" alt=\"\" srcset=\"http:\/\/bhhaiti.com\/home\/wp-content\/uploads\/2015\/09\/karibe11-1-300x200.jpg 300w, http:\/\/bhhaiti.com\/home\/wp-content\/uploads\/2015\/09\/karibe11-1-691x461.jpg 691w, http:\/\/bhhaiti.com\/home\/wp-content\/uploads\/2015\/09\/karibe11-1-500x333.jpg 500w, http:\/\/bhhaiti.com\/home\/wp-content\/uploads\/2015\/09\/karibe11-1.jpg 720w\" sizes=\"auto, (max-width: 300px) 100vw, 300px\" \/><\/a>\n\t\t\t<\/dt><\/dl><dl class='gallery-item'>\n\t\t\t<dt class='gallery-icon landscape'>\n\t\t\t\t<a href='http:\/\/bhhaiti.com\/home\/wp-content\/uploads\/2015\/09\/karibe21-1.jpg' rel=\"lightbox[18]\"><img loading=\"lazy\" decoding=\"async\" width=\"300\" height=\"200\" src=\"http:\/\/bhhaiti.com\/home\/wp-content\/uploads\/2015\/09\/karibe21-1-300x200.jpg\" class=\"attachment-medium size-medium\" alt=\"\" srcset=\"http:\/\/bhhaiti.com\/home\/wp-content\/uploads\/2015\/09\/karibe21-1-300x200.jpg 300w, http:\/\/bhhaiti.com\/home\/wp-content\/uploads\/2015\/09\/karibe21-1-691x461.jpg 691w, http:\/\/bhhaiti.com\/home\/wp-content\/uploads\/2015\/09\/karibe21-1-500x333.jpg 500w, http:\/\/bhhaiti.com\/home\/wp-content\/uploads\/2015\/09\/karibe21-1.jpg 720w\" sizes=\"auto, (max-width: 300px) 100vw, 300px\" \/><\/a>\n\t\t\t<\/dt><\/dl><br style=\"clear: both\" \/><dl class='gallery-item'>\n\t\t\t<dt class='gallery-icon landscape'>\n\t\t\t\t<a href='http:\/\/bhhaiti.com\/home\/wp-content\/uploads\/2015\/09\/karibe31-1.jpg' rel=\"lightbox[18]\"><img loading=\"lazy\" decoding=\"async\" width=\"300\" height=\"200\" src=\"http:\/\/bhhaiti.com\/home\/wp-content\/uploads\/2015\/09\/karibe31-1-300x200.jpg\" class=\"attachment-medium size-medium\" alt=\"\" srcset=\"http:\/\/bhhaiti.com\/home\/wp-content\/uploads\/2015\/09\/karibe31-1-300x200.jpg 300w, http:\/\/bhhaiti.com\/home\/wp-content\/uploads\/2015\/09\/karibe31-1-691x461.jpg 691w, http:\/\/bhhaiti.com\/home\/wp-content\/uploads\/2015\/09\/karibe31-1-500x333.jpg 500w, http:\/\/bhhaiti.com\/home\/wp-content\/uploads\/2015\/09\/karibe31-1.jpg 720w\" sizes=\"auto, (max-width: 300px) 100vw, 300px\" \/><\/a>\n\t\t\t<\/dt><\/dl><dl class='gallery-item'>\n\t\t\t<dt class='gallery-icon landscape'>\n\t\t\t\t<a href='http:\/\/bhhaiti.com\/home\/wp-content\/uploads\/2015\/09\/karibe41-1.jpg' rel=\"lightbox[18]\"><img loading=\"lazy\" decoding=\"async\" width=\"300\" height=\"200\" src=\"http:\/\/bhhaiti.com\/home\/wp-content\/uploads\/2015\/09\/karibe41-1-300x200.jpg\" class=\"attachment-medium size-medium\" alt=\"\" srcset=\"http:\/\/bhhaiti.com\/home\/wp-content\/uploads\/2015\/09\/karibe41-1-300x200.jpg 300w, http:\/\/bhhaiti.com\/home\/wp-content\/uploads\/2015\/09\/karibe41-1-691x461.jpg 691w, http:\/\/bhhaiti.com\/home\/wp-content\/uploads\/2015\/09\/karibe41-1-500x333.jpg 500w, http:\/\/bhhaiti.com\/home\/wp-content\/uploads\/2015\/09\/karibe41-1.jpg 720w\" sizes=\"auto, (max-width: 300px) 100vw, 300px\" \/><\/a>\n\t\t\t<\/dt><\/dl><br style=\"clear: both\" \/>\n\t\t<\/div>\n\n<\/div>\n<\/div>\n<p>&nbsp;<\/p>\n<h2>KINAM HOTEL<\/h2>\n<div class='clearfix'>\n<div class='two-thirds'>\n<p style=\"text-align: justify; margin-top: 0;\">Kinam Hotel, located in the heart of P\u00e9tion-Ville, combines the old and the new with 118 rooms including 33 &#8220;vintage&#8221; in the old building and 85 in the new, all decorated and furnished by Haitian artists and workshops.<\/p>\n<p>The old building boasts a &#8220;gingerbread&#8221; style architecture with ornate finishings, whereas the newly added structure is a more modern and contemporary structure.<\/p>\n<p>Kinam Hotel has become a landmark in this bustling commercial city offering views on the public square of Place Saint-Pierre and on the colorful Jalousie favelas.<\/p>\n<p>&#8220;Kinam&#8221; is a Creole word from the north of Haiti, specifically Cap-Haitien, which means &#8220;my soul, my inside, my home.&#8221; This word is the hotel&#8217;s philosophy, where guests feel at home, surrounded by the warmth of the decor and the dedication of the staff.<\/p>\n<\/div>\n<div class='third last'>\n<a href=\"http:\/\/bhhaiti.com\/home\/wp-content\/uploads\/2015\/09\/Kinam.jpg\"  rel=\"lightbox[18] attachment wp-att-316\"><img loading=\"lazy\" decoding=\"async\" src=\"http:\/\/bhhaiti.com\/home\/wp-content\/uploads\/2015\/09\/Kinam.jpg\" alt=\"Kinam\" width=\"479\" height=\"359\" class=\"alignleft size-full wp-image-316\" srcset=\"http:\/\/bhhaiti.com\/home\/wp-content\/uploads\/2015\/09\/Kinam.jpg 479w, http:\/\/bhhaiti.com\/home\/wp-content\/uploads\/2015\/09\/Kinam-300x225.jpg 300w\" sizes=\"auto, (max-width: 479px) 100vw, 479px\" \/><\/a><br \/>\n<\/div>\n<\/div>\n<div class='clearfix'>\n<div class='half'>\n\n\t\t<style type=\"text\/css\">\n\t\t\t#gallery-2 {\n\t\t\t\tmargin: auto;\n\t\t\t}\n\t\t\t#gallery-2 .gallery-item {\n\t\t\t\tfloat: left;\n\t\t\t\tmargin-top: 10px;\n\t\t\t\ttext-align: center;\n\t\t\t\twidth: 50%;\n\t\t\t}\n\t\t\t#gallery-2 img {\n\t\t\t\tborder: 2px solid #cfcfcf;\n\t\t\t}\n\t\t\t#gallery-2 .gallery-caption {\n\t\t\t\tmargin-left: 0;\n\t\t\t}\n\t\t\t\/* see gallery_shortcode() in wp-includes\/media.php *\/\n\t\t<\/style>\n\t\t<div id='gallery-2' class='gallery galleryid-18 gallery-columns-2 gallery-size-medium'><dl class='gallery-item'>\n\t\t\t<dt class='gallery-icon landscape'>\n\t\t\t\t<a href='http:\/\/bhhaiti.com\/home\/wp-content\/uploads\/2015\/09\/kinam1-1.jpg' rel=\"lightbox[18]\"><img loading=\"lazy\" decoding=\"async\" width=\"300\" height=\"200\" src=\"http:\/\/bhhaiti.com\/home\/wp-content\/uploads\/2015\/09\/kinam1-1-300x200.jpg\" class=\"attachment-medium size-medium\" alt=\"\" srcset=\"http:\/\/bhhaiti.com\/home\/wp-content\/uploads\/2015\/09\/kinam1-1-300x200.jpg 300w, http:\/\/bhhaiti.com\/home\/wp-content\/uploads\/2015\/09\/kinam1-1-691x461.jpg 691w, http:\/\/bhhaiti.com\/home\/wp-content\/uploads\/2015\/09\/kinam1-1-500x333.jpg 500w, http:\/\/bhhaiti.com\/home\/wp-content\/uploads\/2015\/09\/kinam1-1.jpg 720w\" sizes=\"auto, (max-width: 300px) 100vw, 300px\" \/><\/a>\n\t\t\t<\/dt><\/dl><dl class='gallery-item'>\n\t\t\t<dt class='gallery-icon landscape'>\n\t\t\t\t<a href='http:\/\/bhhaiti.com\/home\/wp-content\/uploads\/2015\/09\/kinam2-1.jpg' rel=\"lightbox[18]\"><img loading=\"lazy\" decoding=\"async\" width=\"300\" height=\"200\" src=\"http:\/\/bhhaiti.com\/home\/wp-content\/uploads\/2015\/09\/kinam2-1-300x200.jpg\" class=\"attachment-medium size-medium\" alt=\"\" srcset=\"http:\/\/bhhaiti.com\/home\/wp-content\/uploads\/2015\/09\/kinam2-1-300x200.jpg 300w, http:\/\/bhhaiti.com\/home\/wp-content\/uploads\/2015\/09\/kinam2-1-691x461.jpg 691w, http:\/\/bhhaiti.com\/home\/wp-content\/uploads\/2015\/09\/kinam2-1-500x333.jpg 500w, http:\/\/bhhaiti.com\/home\/wp-content\/uploads\/2015\/09\/kinam2-1.jpg 720w\" sizes=\"auto, (max-width: 300px) 100vw, 300px\" \/><\/a>\n\t\t\t<\/dt><\/dl><br style=\"clear: both\" \/><dl class='gallery-item'>\n\t\t\t<dt class='gallery-icon landscape'>\n\t\t\t\t<a href='http:\/\/bhhaiti.com\/home\/wp-content\/uploads\/2015\/09\/kinam3-1.jpg' rel=\"lightbox[18]\"><img loading=\"lazy\" decoding=\"async\" width=\"300\" height=\"200\" src=\"http:\/\/bhhaiti.com\/home\/wp-content\/uploads\/2015\/09\/kinam3-1-300x200.jpg\" class=\"attachment-medium size-medium\" alt=\"\" srcset=\"http:\/\/bhhaiti.com\/home\/wp-content\/uploads\/2015\/09\/kinam3-1-300x200.jpg 300w, http:\/\/bhhaiti.com\/home\/wp-content\/uploads\/2015\/09\/kinam3-1-691x461.jpg 691w, http:\/\/bhhaiti.com\/home\/wp-content\/uploads\/2015\/09\/kinam3-1-500x333.jpg 500w, http:\/\/bhhaiti.com\/home\/wp-content\/uploads\/2015\/09\/kinam3-1.jpg 720w\" sizes=\"auto, (max-width: 300px) 100vw, 300px\" \/><\/a>\n\t\t\t<\/dt><\/dl><dl class='gallery-item'>\n\t\t\t<dt class='gallery-icon landscape'>\n\t\t\t\t<a href='http:\/\/bhhaiti.com\/home\/wp-content\/uploads\/2015\/09\/kinam4-1.jpg' rel=\"lightbox[18]\"><img loading=\"lazy\" decoding=\"async\" width=\"300\" height=\"200\" src=\"http:\/\/bhhaiti.com\/home\/wp-content\/uploads\/2015\/09\/kinam4-1-300x200.jpg\" class=\"attachment-medium size-medium\" alt=\"\" srcset=\"http:\/\/bhhaiti.com\/home\/wp-content\/uploads\/2015\/09\/kinam4-1-300x200.jpg 300w, http:\/\/bhhaiti.com\/home\/wp-content\/uploads\/2015\/09\/kinam4-1-691x461.jpg 691w, http:\/\/bhhaiti.com\/home\/wp-content\/uploads\/2015\/09\/kinam4-1-500x333.jpg 500w, http:\/\/bhhaiti.com\/home\/wp-content\/uploads\/2015\/09\/kinam4-1.jpg 720w\" sizes=\"auto, (max-width: 300px) 100vw, 300px\" \/><\/a>\n\t\t\t<\/dt><\/dl><br style=\"clear: both\" \/>\n\t\t<\/div>\n\n<\/div>\n<div class='fourth'>\n<h4>Facilities<\/h4>\n<ul>\n<li>118 rooms<\/li>\n<li>24 long-term apartments and studios<\/li>\n<li>2 conference rooms able to accomodate 100-250 people for any event type<\/li>\n<li>2 boardrooms<\/li>\n<li>Business Center<\/li>\n<li>Complementary airport shuttle<\/li>\n<li>5 stores (Art gallery, Home decor, Gift and monogram, Athletic wear, Kenneth Cole)<\/li>\n<\/ul>\n<\/div>\n<div class='fourth last'>\n<h4 style=\"color: transparent;\">Facilities<\/h4>\n<ul>\n<li>Pool<\/li>\n<li>Fitness Center<\/li>\n<li>Spa Accessories<\/li>\n<li>2 Restaurants<\/li>\n<li>Lobby Bar<\/li>\n<li>Coffee Shop<\/li>\n<\/ul>\n<p><a href=\"http:\/\/hotelkinam.com\/reservations-2\/\" class=\"btn small-btn\">Book now<\/a><br \/>\n<\/div>\n<\/div>\n<h2>SERVOTEL<\/h2>\n<div class='clearfix'>\n<div class='third'>\n<a href=\"http:\/\/bhhaiti.com\/home\/wp-content\/uploads\/2015\/09\/servotel.jpg\"  rel=\"lightbox[18] attachment wp-att-317\"><img loading=\"lazy\" decoding=\"async\" src=\"http:\/\/bhhaiti.com\/home\/wp-content\/uploads\/2015\/09\/servotel.jpg\" alt=\"servotel\" width=\"1400\" height=\"934\" class=\"alignleft size-full wp-image-317\" srcset=\"http:\/\/bhhaiti.com\/home\/wp-content\/uploads\/2015\/09\/servotel.jpg 1400w, http:\/\/bhhaiti.com\/home\/wp-content\/uploads\/2015\/09\/servotel-300x200.jpg 300w, http:\/\/bhhaiti.com\/home\/wp-content\/uploads\/2015\/09\/servotel-768x512.jpg 768w, http:\/\/bhhaiti.com\/home\/wp-content\/uploads\/2015\/09\/servotel-1024x683.jpg 1024w, http:\/\/bhhaiti.com\/home\/wp-content\/uploads\/2015\/09\/servotel-691x461.jpg 691w, http:\/\/bhhaiti.com\/home\/wp-content\/uploads\/2015\/09\/servotel-500x334.jpg 500w\" sizes=\"auto, (max-width: 1400px) 100vw, 1400px\" \/><\/a><br \/>\n<\/div>\n<div class='two-thirds last'>\n<p style=\"text-align: justify; margin-top: 0;\">Servotel, a business-oriented hotel, opened its doors in November of 2011. It is the first paraseismic steel construction in Haiti and it is designed and certified by Myamoto International Structural and Earthquake Engineers.<\/p>\n<p>With its contemporary architecture, excellent customer service, quality and comfort, Servotel is guaranteed to provide a satisfactory guest experience. Its prime location right across from the Toussaint Louverture International Airport of Port-au-Prince is of convenience to our guests and many companies that are established in this industrial area.<\/p>\n<\/div>\n<\/div>\n<div class='clearfix'>\n<div class='fourth'>\n<h4>Facilities<\/h4>\n<ul>\n<li>66 rooms<\/li>\n<li>1 conference room able to accomodate 20-80 people for any event type.<\/li>\n<li>1 boardroom<\/li>\n<li>Business Center<\/li>\n<\/ul>\n<\/div>\n<div class='fourth'>\n<h4 style=\"color: transparent;\">Facilities<\/h4>\n<ul>\n<li>Complementary airport shuttle<\/li>\n<li>Pool<\/li>\n<li>Fitness Center<\/li>\n<li>Restaurant<\/li>\n<li>Bar<\/li>\n<\/ul>\n<p><a href=\"http:\/\/www.servotelhaiti.com\/home\/reservation\/ \" class=\"btn small-btn\">Book now<\/a><br \/>\n<\/div>\n<div class='half last'>\n\n\t\t<style type=\"text\/css\">\n\t\t\t#gallery-3 {\n\t\t\t\tmargin: auto;\n\t\t\t}\n\t\t\t#gallery-3 .gallery-item {\n\t\t\t\tfloat: left;\n\t\t\t\tmargin-top: 10px;\n\t\t\t\ttext-align: center;\n\t\t\t\twidth: 50%;\n\t\t\t}\n\t\t\t#gallery-3 img {\n\t\t\t\tborder: 2px solid #cfcfcf;\n\t\t\t}\n\t\t\t#gallery-3 .gallery-caption {\n\t\t\t\tmargin-left: 0;\n\t\t\t}\n\t\t\t\/* see gallery_shortcode() in wp-includes\/media.php *\/\n\t\t<\/style>\n\t\t<div id='gallery-3' class='gallery galleryid-18 gallery-columns-2 gallery-size-medium'><dl class='gallery-item'>\n\t\t\t<dt class='gallery-icon landscape'>\n\t\t\t\t<a href='http:\/\/bhhaiti.com\/home\/wp-content\/uploads\/2015\/09\/servotel1-1.jpg' rel=\"lightbox[18]\"><img loading=\"lazy\" decoding=\"async\" width=\"300\" height=\"200\" src=\"http:\/\/bhhaiti.com\/home\/wp-content\/uploads\/2015\/09\/servotel1-1-300x200.jpg\" class=\"attachment-medium size-medium\" alt=\"\" srcset=\"http:\/\/bhhaiti.com\/home\/wp-content\/uploads\/2015\/09\/servotel1-1-300x200.jpg 300w, http:\/\/bhhaiti.com\/home\/wp-content\/uploads\/2015\/09\/servotel1-1-691x461.jpg 691w, http:\/\/bhhaiti.com\/home\/wp-content\/uploads\/2015\/09\/servotel1-1-500x333.jpg 500w, http:\/\/bhhaiti.com\/home\/wp-content\/uploads\/2015\/09\/servotel1-1.jpg 720w\" sizes=\"auto, (max-width: 300px) 100vw, 300px\" \/><\/a>\n\t\t\t<\/dt><\/dl><dl class='gallery-item'>\n\t\t\t<dt class='gallery-icon landscape'>\n\t\t\t\t<a href='http:\/\/bhhaiti.com\/home\/wp-content\/uploads\/2015\/09\/servotel2-1.jpg' rel=\"lightbox[18]\"><img loading=\"lazy\" decoding=\"async\" width=\"300\" height=\"200\" src=\"http:\/\/bhhaiti.com\/home\/wp-content\/uploads\/2015\/09\/servotel2-1-300x200.jpg\" class=\"attachment-medium size-medium\" alt=\"\" srcset=\"http:\/\/bhhaiti.com\/home\/wp-content\/uploads\/2015\/09\/servotel2-1-300x200.jpg 300w, http:\/\/bhhaiti.com\/home\/wp-content\/uploads\/2015\/09\/servotel2-1-691x461.jpg 691w, http:\/\/bhhaiti.com\/home\/wp-content\/uploads\/2015\/09\/servotel2-1-500x333.jpg 500w, http:\/\/bhhaiti.com\/home\/wp-content\/uploads\/2015\/09\/servotel2-1.jpg 720w\" sizes=\"auto, (max-width: 300px) 100vw, 300px\" \/><\/a>\n\t\t\t<\/dt><\/dl><br style=\"clear: both\" \/><dl class='gallery-item'>\n\t\t\t<dt class='gallery-icon landscape'>\n\t\t\t\t<a href='http:\/\/bhhaiti.com\/home\/wp-content\/uploads\/2015\/09\/servotel3-1.jpg' rel=\"lightbox[18]\"><img loading=\"lazy\" decoding=\"async\" width=\"300\" height=\"200\" src=\"http:\/\/bhhaiti.com\/home\/wp-content\/uploads\/2015\/09\/servotel3-1-300x200.jpg\" class=\"attachment-medium size-medium\" alt=\"\" srcset=\"http:\/\/bhhaiti.com\/home\/wp-content\/uploads\/2015\/09\/servotel3-1-300x200.jpg 300w, http:\/\/bhhaiti.com\/home\/wp-content\/uploads\/2015\/09\/servotel3-1-691x461.jpg 691w, http:\/\/bhhaiti.com\/home\/wp-content\/uploads\/2015\/09\/servotel3-1-500x333.jpg 500w, http:\/\/bhhaiti.com\/home\/wp-content\/uploads\/2015\/09\/servotel3-1.jpg 720w\" sizes=\"auto, (max-width: 300px) 100vw, 300px\" \/><\/a>\n\t\t\t<\/dt><\/dl><dl class='gallery-item'>\n\t\t\t<dt class='gallery-icon landscape'>\n\t\t\t\t<a href='http:\/\/bhhaiti.com\/home\/wp-content\/uploads\/2015\/09\/servotel4-1.jpg' rel=\"lightbox[18]\"><img loading=\"lazy\" decoding=\"async\" width=\"300\" height=\"200\" src=\"http:\/\/bhhaiti.com\/home\/wp-content\/uploads\/2015\/09\/servotel4-1-300x200.jpg\" class=\"attachment-medium size-medium\" alt=\"\" srcset=\"http:\/\/bhhaiti.com\/home\/wp-content\/uploads\/2015\/09\/servotel4-1-300x200.jpg 300w, http:\/\/bhhaiti.com\/home\/wp-content\/uploads\/2015\/09\/servotel4-1-691x461.jpg 691w, http:\/\/bhhaiti.com\/home\/wp-content\/uploads\/2015\/09\/servotel4-1-500x333.jpg 500w, http:\/\/bhhaiti.com\/home\/wp-content\/uploads\/2015\/09\/servotel4-1.jpg 720w\" sizes=\"auto, (max-width: 300px) 100vw, 300px\" \/><\/a>\n\t\t\t<\/dt><\/dl><br style=\"clear: both\" \/>\n\t\t<\/div>\n\n<\/div>\n<\/div>\n","protected":false},"excerpt":{"rendered":"<p>KARIBE HOTEL &nbsp; KINAM HOTEL SERVOTEL<\/p>\n","protected":false},"author":1,"featured_media":0,"parent":0,"menu_order":0,"comment_status":"closed","ping_status":"closed","template":"","meta":{"footnotes":""},"class_list":["post-18","page","type-page","status-publish","hentry"],"_links":{"self":[{"href":"http:\/\/bhhaiti.com\/home\/wp-json\/wp\/v2\/pages\/18","targetHints":{"allow":["GET"]}}],"collection":[{"href":"http:\/\/bhhaiti.com\/home\/wp-json\/wp\/v2\/pages"}],"about":[{"href":"http:\/\/bhhaiti.com\/home\/wp-json\/wp\/v2\/types\/page"}],"author":[{"embeddable":true,"href":"http:\/\/bhhaiti.com\/home\/wp-json\/wp\/v2\/users\/1"}],"replies":[{"embeddable":true,"href":"http:\/\/bhhaiti.com\/home\/wp-json\/wp\/v2\/comments?post=18"}],"version-history":[{"count":2,"href":"http:\/\/bhhaiti.com\/home\/wp-json\/wp\/v2\/pages\/18\/revisions"}],"predecessor-version":[{"id":351,"href":"http:\/\/bhhaiti.com\/home\/wp-json\/wp\/v2\/pages\/18\/revisions\/351"}],"wp:attachment":[{"href":"http:\/\/bhhaiti.com\/home\/wp-json\/wp\/v2\/media?parent=18"}],"curies":[{"name":"wp","href":"https:\/\/api.w.org\/{rel}","templated":true}]}}